{"id":392,"date":"2022-02-07T12:26:26","date_gmt":"2022-02-07T11:26:26","guid":{"rendered":"https:\/\/sufpau.fr\/?page_id=392"},"modified":"2022-02-07T13:43:46","modified_gmt":"2022-02-07T12:43:46","slug":"compagnie-12-17","status":"publish","type":"page","link":"https:\/\/sufpau.fr\/index.php\/compagnie-12-17\/","title":{"rendered":"Compagnie 12-17"},"content":{"rendered":"\t\t<div data-elementor-type=\"wp-page\" data-elementor-id=\"392\" class=\"elementor elementor-392\">\n\t\t\t\t\t\t<section class=\"has_eae_slider elementor-section elementor-top-section elementor-element elementor-element-fbbee9c elementor-section-boxed elementor-section-height-default elementor-section-height-default\" data-eae-slider=\"38402\" data-id=\"fbbee9c\" data-element_type=\"section\" data-e-type=\"section\">\n\t\t\t\t\t\t<div class=\"elementor-container elementor-column-gap-default\">\n\t\t\t\t\t<div class=\"has_eae_slider elementor-column elementor-col-50 elementor-top-column elementor-element elementor-element-afb1f1e\" data-eae-slider=\"38071\" data-id=\"afb1f1e\" data-element_type=\"column\" data-e-type=\"column\">\n\t\t\t<div class=\"elementor-widget-wrap elementor-element-populated\">\n\t\t\t\t\t\t<div class=\"elementor-element elementor-element-15a5c67 elementor-widget elementor-widget-heading\" data-id=\"15a5c67\" data-element_type=\"widget\" data-e-type=\"widget\" data-widget_type=\"heading.default\">\n\t\t\t\t<div class=\"elementor-widget-container\">\n\t\t\t\t\t<h2 class=\"elementor-heading-title elementor-size-default\">Unit\u00e9<\/h2>\t\t\t\t<\/div>\n\t\t\t\t<\/div>\n\t\t\t\t<div class=\"elementor-element elementor-element-f268ac2 elementor-widget elementor-widget-text-editor\" data-id=\"f268ac2\" data-element_type=\"widget\" data-e-type=\"widget\" data-widget_type=\"text-editor.default\">\n\t\t\t\t<div class=\"elementor-widget-container\">\n\t\t\t\t\t\t\t\t\t<p><strong>\u00c0 partir de 12 ans, les Jeannettes sont pr\u00eates \u00e0 \u00ab monter \u00bb \u00e0 la Compagnie. Mais la compagnie peut \u00e9galement accueillir des jeunes filles qui n\u2019ont pas pratiqu\u00e9 encore de scoutisme.<\/strong><\/p><p><strong>Elles deviennent Guides. Sous la houlette des cheftaines, elles d\u00e9couvrent les techniques du scoutisme pour camper, se prot\u00e9ger des intemp\u00e9ries, se nourrir\u2026<\/strong><\/p><p><strong>Au cours de ses ann\u00e9es \u00e0 la compagnie,\u00a0 La guide se voit attribuer des responsabilit\u00e9s en fonction de son \u00e2ge et de ses aptitudes, re\u00e7oit des guides exp\u00e9riment\u00e9es et transmet aux plus jeunes. R\u00e9unies en \u00e9quipes autour d\u2019une chef d&rsquo;\u00e9quipe et de sa seconde (CE et SE), les Guides font l\u2019apprentissage de l\u2019autonomie, de la d\u00e9brouillardise, de la camaraderie<\/strong><\/p>\t\t\t\t\t\t\t\t<\/div>\n\t\t\t\t<\/div>\n\t\t\t\t<div class=\"elementor-element elementor-element-b33cfcc elementor-widget elementor-widget-image\" data-id=\"b33cfcc\" data-element_type=\"widget\" data-e-type=\"widget\" data-widget_type=\"image.default\">\n\t\t\t\t<div class=\"elementor-widget-container\">\n\t\t\t\t\t\t\t\t\t\t\t\t\t\t\t<img fetchpriority=\"high\" decoding=\"async\" width=\"800\" height=\"484\" src=\"https:\/\/sufpau.fr\/wp-content\/uploads\/2022\/02\/P9110653_comp2-1.jpg\" class=\"attachment-large size-large wp-image-400\" alt=\"\" srcset=\"https:\/\/sufpau.fr\/wp-content\/uploads\/2022\/02\/P9110653_comp2-1.jpg 890w, https:\/\/sufpau.fr\/wp-content\/uploads\/2022\/02\/P9110653_comp2-1-300x181.jpg 300w, https:\/\/sufpau.fr\/wp-content\/uploads\/2022\/02\/P9110653_comp2-1-768x464.jpg 768w\" sizes=\"(max-width: 800px) 100vw, 800px\" \/>\t\t\t\t\t\t\t\t\t\t\t\t\t\t\t<\/div>\n\t\t\t\t<\/div>\n\t\t\t\t\t<\/div>\n\t\t<\/div>\n\t\t\t\t<div class=\"has_eae_slider elementor-column elementor-col-50 elementor-top-column elementor-element elementor-element-a9c9a9f\" data-eae-slider=\"24672\" data-id=\"a9c9a9f\" data-element_type=\"column\" data-e-type=\"column\">\n\t\t\t<div class=\"elementor-widget-wrap elementor-element-populated\">\n\t\t\t\t\t\t<div class=\"elementor-element elementor-element-4f36080 elementor-widget elementor-widget-heading\" data-id=\"4f36080\" data-element_type=\"widget\" data-e-type=\"widget\" data-widget_type=\"heading.default\">\n\t\t\t\t<div class=\"elementor-widget-container\">\n\t\t\t\t\t<h2 class=\"elementor-heading-title elementor-size-default\"><br><br>Uniforme<br><br><br><\/h2>\t\t\t\t<\/div>\n\t\t\t\t<\/div>\n\t\t\t\t<div class=\"elementor-element elementor-element-2d998f6 elementor-widget elementor-widget-image\" data-id=\"2d998f6\" data-element_type=\"widget\" data-e-type=\"widget\" data-widget_type=\"image.default\">\n\t\t\t\t<div class=\"elementor-widget-container\">\n\t\t\t\t\t\t\t\t\t\t\t\t\t\t\t<img decoding=\"async\" width=\"664\" height=\"597\" src=\"https:\/\/sufpau.fr\/wp-content\/uploads\/2022\/02\/unif-guide-complet.jpg\" class=\"attachment-large size-large wp-image-235\" alt=\"\" srcset=\"https:\/\/sufpau.fr\/wp-content\/uploads\/2022\/02\/unif-guide-complet.jpg 664w, https:\/\/sufpau.fr\/wp-content\/uploads\/2022\/02\/unif-guide-complet-300x270.jpg 300w\" sizes=\"(max-width: 664px) 100vw, 664px\" \/>\t\t\t\t\t\t\t\t\t\t\t\t\t\t\t<\/div>\n\t\t\t\t<\/div>\n\t\t\t\t\t<\/div>\n\t\t<\/div>\n\t\t\t\t\t<\/div>\n\t\t<\/section>\n\t\t\t\t<section class=\"has_eae_slider elementor-section elementor-top-section elementor-element elementor-element-124b39c elementor-section-boxed elementor-section-height-default elementor-section-height-default\" data-eae-slider=\"25377\" data-id=\"124b39c\" data-element_type=\"section\" data-e-type=\"section\">\n\t\t\t\t\t\t<div class=\"elementor-container elementor-column-gap-default\">\n\t\t\t\t\t<div class=\"has_eae_slider elementor-column elementor-col-100 elementor-top-column elementor-element elementor-element-ce33c34\" data-eae-slider=\"63040\" data-id=\"ce33c34\" data-element_type=\"column\" data-e-type=\"column\">\n\t\t\t<div class=\"elementor-widget-wrap elementor-element-populated\">\n\t\t\t\t\t\t<div class=\"elementor-element elementor-element-405f66f elementor-widget elementor-widget-heading\" data-id=\"405f66f\" data-element_type=\"widget\" data-e-type=\"widget\" data-widget_type=\"heading.default\">\n\t\t\t\t<div class=\"elementor-widget-container\">\n\t\t\t\t\t<h2 class=\"elementor-heading-title elementor-size-default\">P\u00e9dagogie<\/h2>\t\t\t\t<\/div>\n\t\t\t\t<\/div>\n\t\t\t\t<section class=\"has_eae_slider elementor-section elementor-inner-section elementor-element elementor-element-bc7678a elementor-section-boxed elementor-section-height-default elementor-section-height-default\" data-eae-slider=\"55871\" data-id=\"bc7678a\" data-element_type=\"section\" data-e-type=\"section\">\n\t\t\t\t\t\t<div class=\"elementor-container elementor-column-gap-default\">\n\t\t\t\t\t<div class=\"has_eae_slider elementor-column elementor-col-50 elementor-inner-column elementor-element elementor-element-4ae92af\" data-eae-slider=\"71521\" data-id=\"4ae92af\" data-element_type=\"column\" data-e-type=\"column\">\n\t\t\t<div class=\"elementor-widget-wrap elementor-element-populated\">\n\t\t\t\t\t\t<div class=\"elementor-element elementor-element-6447dc2 elementor-widget elementor-widget-text-editor\" data-id=\"6447dc2\" data-element_type=\"widget\" data-e-type=\"widget\" data-widget_type=\"text-editor.default\">\n\t\t\t\t<div class=\"elementor-widget-container\">\n\t\t\t\t\t\t\t\t\t<p>La p\u00e9dagogie guide offre \u00e0 chacune la possibilit\u00e9 de progresser \u00e0 son rythme. Il s&rsquo;agit d&rsquo;une p\u00e9dagogie bas\u00e9e sur le sens de l&rsquo;effort et non sur le r\u00e9sultat : la guide est prise l\u00e0 o\u00f9 elle en est, avec ses qualit\u00e9s et ses d\u00e9fauts ; des objectifs adapt\u00e9s et personnalis\u00e9s lui permettent de grandir. <\/p><p>Chaque guide re\u00e7oit <strong>un r\u00f4le<\/strong>, attribu\u00e9 en fonction de sa place et de ses centres d\u2019int\u00e9r\u00eats dans l&rsquo;\u00e9quipe. Qu\u2019elle soit mat\u00e9rialiste, intendante, topographe, tr\u00e9sori\u00e8re ou secouriste, sa pr\u00e9sence aux activit\u00e9s d\u2019ann\u00e9e et au camp d\u2019\u00e9t\u00e9 est indispensable afin d\u2019assurer le bon fonctionnement de l&rsquo;\u00e9quipe.<\/p><p>Guid\u00e9s par leurs cheftaines qui appr\u00e9cient leur implication et leur motivation au sein de la compagnie, <strong>elles s\u2019investissent dans leur progression dont elles sont les principales actrices<\/strong>.<\/p><p>Quand elles sont pr\u00eates, elles franchissent des \u00e9tapes validant leur esprit de service (seconde et premi\u00e8re classe) ou attestant d\u2019un niveau technique (badges : sportif, liturgiste, secouriste\u2026).<\/p><p>\u00a0<\/p>\t\t\t\t\t\t\t\t<\/div>\n\t\t\t\t<\/div>\n\t\t\t\t\t<\/div>\n\t\t<\/div>\n\t\t\t\t<div class=\"has_eae_slider elementor-column elementor-col-50 elementor-inner-column elementor-element elementor-element-fd79e37\" data-eae-slider=\"3582\" data-id=\"fd79e37\" data-element_type=\"column\" data-e-type=\"column\">\n\t\t\t<div class=\"elementor-widget-wrap elementor-element-populated\">\n\t\t\t\t\t\t<div class=\"elementor-element elementor-element-4bcab9a elementor-widget elementor-widget-text-editor\" data-id=\"4bcab9a\" data-element_type=\"widget\" data-e-type=\"widget\" data-widget_type=\"text-editor.default\">\n\t\t\t\t<div class=\"elementor-widget-container\">\n\t\t\t\t\t\t\t\t\t<p>Plusieurs d\u00e9fis sont \u00e9galement propos\u00e9s, encourag\u00e9s et soutenus par les cheftaines : d\u00e9fis sportifs, temps de service aux plus pauvres de notre soci\u00e9t\u00e9\u2026 Ils invitent les jeunes \u00e0 <strong>se d\u00e9passer ensemble<\/strong>.<\/p><p>La dynamique de groupe est facteur de progression de chacun. Mais que seraient les d\u00e9fis, les sorties, les week-ends d&rsquo;\u00e9quipe, sans le camp d\u2019\u00e9t\u00e9 ! Rien n\u2019est laiss\u00e9 au hasard pour que ces deux semaines en pleine nature soient inoubliables. <strong>Le camp prolonge l\u2019ann\u00e9e<\/strong> : d\u00e9clinaison du th\u00e8me imaginaire, application des techniques, progression des jeunes au sein de la troupe\u2026<\/p><p>\u00a0<\/p><ul><li><strong>La guide est fi\u00e8re de sa foi et lui soumet toute sa vie.<\/strong><\/li><li><strong>La guide est fille de France et bonne citoyenne.<\/strong><\/li><li><strong>Le devoir de la guide commence \u00e0 la maison.<\/strong><\/li><\/ul><p><!-- [if gte mso 9]><xml><br \/>\n<w:WordDocument><br \/>\n<w:View>Normal<\/w:View><br \/>\n<w:Zoom>0<\/w:Zoom><br \/>\n<w:HyphenationZone>21<\/w:HyphenationZone><br \/>\n<w:PunctuationKerning\/><br \/>\n<w:ValidateAgainstSchemas\/><br \/>\n<w:SaveIfXMLInvalid>false<\/w:SaveIfXMLInvalid><br \/>\n<w:IgnoreMixedContent>false<\/w:IgnoreMixedContent><br \/>\n<w:AlwaysShowPlaceholderText>false<\/w:AlwaysShowPlaceholderText><br \/>\n<w:Compatibility><br \/>\n<w:BreakWrappedTables\/><br \/>\n<w:SnapToGridInCell\/><br \/>\n<w:WrapTextWithPunct\/><br \/>\n<w:UseAsianBreakRules\/><br \/>\n<w:DontGrowAutofit\/><br \/>\n<\/w:Compatibility><br \/>\n<w:BrowserLevel>MicrosoftInternetExplorer4<\/w:BrowserLevel><br \/>\n<\/w:WordDocument><br \/>\n<\/xml><![endif]--><!-- [if gte mso 9]><xml><br \/>\n<w:LatentStyles DefLockedState=\"false\" LatentStyleCount=\"156\"><br \/>\n<\/w:LatentStyles><br \/>\n<\/xml><![endif]--><!-- [if gte mso 10]><\/p>\n<style>\n \/* Style Definitions *\/<br \/> table.MsoNormalTable<br \/>\t{mso-style-name:\"Tableau Normal\";<br \/>\tmso-tstyle-rowband-size:0;<br \/>\tmso-tstyle-colband-size:0;<br \/>\tmso-style-noshow:yes;<br \/>\tmso-style-parent:\"\";<br \/>\tmso-padding-alt:0cm 5.4pt 0cm 5.4pt;<br \/>\tmso-para-margin:0cm;<br \/>\tmso-para-margin-bottom:.0001pt;<br \/>\tmso-pagination:widow-orphan;<br \/>\tfont-size:10.0pt;<br \/>\tfont-family:\"Times New Roman\";<br \/>\tmso-ansi-language:#0400;<br \/>\tmso-fareast-language:#0400;<br \/>\tmso-bidi-language:#0400;}<br \/><\/style>\n<p><![endif]--><\/p>\t\t\t\t\t\t\t\t<\/div>\n\t\t\t\t<\/div>\n\t\t\t\t\t<\/div>\n\t\t<\/div>\n\t\t\t\t\t<\/div>\n\t\t<\/section>\n\t\t\t\t<div class=\"elementor-element elementor-element-4f943ac elementor-widget elementor-widget-heading\" data-id=\"4f943ac\" data-element_type=\"widget\" data-e-type=\"widget\" data-widget_type=\"heading.default\">\n\t\t\t\t<div class=\"elementor-widget-container\">\n\t\t\t\t\t<h2 class=\"elementor-heading-title elementor-size-default\">Progression<\/h2>\t\t\t\t<\/div>\n\t\t\t\t<\/div>\n\t\t\t\t<div class=\"elementor-element elementor-element-761392c elementor-widget elementor-widget-text-editor\" data-id=\"761392c\" data-element_type=\"widget\" data-e-type=\"widget\" data-widget_type=\"text-editor.default\">\n\t\t\t\t<div class=\"elementor-widget-container\">\n\t\t\t\t\t\t\t\t\t<p>La progression est personnalis\u00e9e en fonction des capacit\u00e9s et des comp\u00e9tences de d\u00e9part de chaque guide. Le suivi de la progression est assur\u00e9 par la chef d&rsquo;\u00e9quipe et\/ou la cheftaine de Compagnie. C&rsquo;est leur mission principale.<\/p><p>L&rsquo;outil indispensable de la progression de la guide est le Guide Bleu, v\u00e9ritable guide p\u00e9dagogique \u00e0 la Compagnie.<\/p><p>Comme chez les \u00e9claireurs, Il existe 2 p\u00e9dagogies compl\u00e9mentaires \u00e0 la compagnie : celle de l&rsquo;effort, symbolis\u00e9 par les classes et celle du r\u00e9sultat, repr\u00e9sent\u00e9e par les brevets de sp\u00e9cialit\u00e9. Les classes t\u00e9moignent davantage du chemin parcouru que du r\u00e9sultat obtenu, alors que les brevets r\u00e9compensent un niveau d&rsquo;excellence atteint dans un domaine particulier.<\/p>\t\t\t\t\t\t\t\t<\/div>\n\t\t\t\t<\/div>\n\t\t\t\t<div class=\"elementor-element elementor-element-2ff2b8d image-position-column elementor-widget elementor-widget-eae-timeline\" data-id=\"2ff2b8d\" data-element_type=\"widget\" data-e-type=\"widget\" data-widget_type=\"eae-timeline.skin1\">\n\t\t\t\t<div class=\"elementor-widget-container\">\n\t\t\t\t\t\t\t<section data-layout=\"center\" data-top-offset=\"200\" class=\"eae-layout-center eae-timeline eae-timeline-alternate-no eae-tl-center eae-tl-res-style-mobile eae-tl-res-layout-left\">\n\t\t\t<div class=\"eae-timline-progress-bar\">\n\t\t\t\t<div class='eae-pb-inner-line'><\/div>\n\t\t\t<\/div>\n\n\t\t\t\n\t\t\t\t\t\t\t\t\n\t\t\t\t\t\t<div id=\"e41d69d\" class=\"eae-timeline-item elementor-repeater-item-e41d69d custom-image-style-no image-position-\">\n\n\t\t\t\t<div class=\"eae-tl-item-meta-wrapper\">\n\t\t\t\t\t\n\t\t\t\t<\/div>\n\n\t\t\t\t<div class=\"eae-tl-icon-wrapper\" id=\"e41d69d\">\n\t\t\t\t\t\t\t\t<div class=\"eae-icon eae-icon-item_icon eae-icon-view-stacked eae-icon-shape-circle eae-icon-type-icon\">\n\t\t\t\t<div class=\"eae-icon-wrap\">\n\t\t\t\t\t\t\t\t\t\t\t<i aria-hidden=\"true\" class=\"fas fa-genderless\"><\/i>\t\t\t\t\t\t\t\t\t\t<\/div>\n\t\t\t<\/div>\n\t\t\t\t\t\t\t<\/div>\n\t\t\t\t<div class=\"eae-tl-content-wrapper\">\n\t\t\t\t\t\t\t\t\t\t\t\t\t<a href=\"#\">\n\t\t\t\t\t\t\t\t\t\t\t\t<div class=\"eae-tl-item-content\">\n\t\t\t\t\t\t\t\t\t\t\t\t\t\t<div class=\"eae-width-100 eae-tl-content\">\n\t\t\t\t\t\t\t\t<div class=\"eae-content-inner\">\n\t\t\t\t\t\t\t\t\t<div class=\"eae-tl-item-meta-wrapper-inner\">\n\t\t\t\t\t\t\t\t\t\t\t\t\t\t\t\t\t\t\t<\/div>\n\t\t\t\t\t\t\t\t\t<h3 class=\"eae-tl-item-title\">L'aspirance<\/h3><div class=\"eae-tl-content-innner\"><p>L'aspirance est destin\u00e9e aux nouvelles guides d\u00e9couvrant la Compagnie. elle permet de d\u00e9couvrir les bases fondamentales : le fonctionnement en \u00e9quipe, l'esprit scout, la loi scoute, les rites et les c\u00e9r\u00e9moniaux, les techniques indiqu\u00e9es dans le carnet de progression\u00a0: le \"Guide Bleu\". Des \u00e9preuves de progression sont choisies en concertation avec la chef d'\u00e9quipe et la guide, et consign\u00e9es dans le Guide Bleu. Elles permettent un suivi dans le temps, valident la progression de la guide et ainsi valorisent ses efforts.<\/p><\/div>\t\t\t\t\t\t\t\t<\/div>\n\t\t\t\t\t\t\t<\/div>\n\t\t\t\t\t\t\t\t\t\t\t\t\t<\/div>\n\t\t\t\t\t\t<\/a>\t\t\t\t<\/div>\n\n\t\t\t<\/div>\n\t\t\t\t\t\t\t\t\n\t\t\t\t\t\t<div id=\"cafee61\" class=\"eae-timeline-item elementor-repeater-item-cafee61 custom-image-style-no image-position-\">\n\n\t\t\t\t<div class=\"eae-tl-item-meta-wrapper\">\n\t\t\t\t\t\n\t\t\t\t<\/div>\n\n\t\t\t\t<div class=\"eae-tl-icon-wrapper\" id=\"cafee61\">\n\t\t\t\t\t\t\t\t<div class=\"eae-icon eae-icon-item_icon eae-icon-view-stacked eae-icon-shape-circle eae-icon-type-icon\">\n\t\t\t\t<div class=\"eae-icon-wrap\">\n\t\t\t\t\t\t\t\t\t\t\t<i aria-hidden=\"true\" class=\"fas fa-hands\"><\/i>\t\t\t\t\t\t\t\t\t\t<\/div>\n\t\t\t<\/div>\n\t\t\t\t\t\t\t<\/div>\n\t\t\t\t<div class=\"eae-tl-content-wrapper\">\n\t\t\t\t\t\t\t\t\t\t\t\t\t<a href=\"#\">\n\t\t\t\t\t\t\t\t\t\t\t\t<div class=\"eae-tl-item-content\">\n\t\t\t\t\t\t\t\t\t\t\t\t\t\t<div class=\"eae-width-100 eae-tl-content\">\n\t\t\t\t\t\t\t\t<div class=\"eae-content-inner\">\n\t\t\t\t\t\t\t\t\t<div class=\"eae-tl-item-meta-wrapper-inner\">\n\t\t\t\t\t\t\t\t\t\t\t\t\t\t\t\t\t\t\t<\/div>\n\t\t\t\t\t\t\t\t\t<h3 class=\"eae-tl-item-title\">La Promesse<\/h3><div class=\"eae-tl-content-innner\"><p>Apr\u00e8s 9 \u00e0 12 mois d'aspirance, si les \u00e9preuves ont \u00e9t\u00e9 valid\u00e9es, le raid d'aspirance accompli et l'esprit scout int\u00e9gr\u00e9, la guide peut demander \u00e0 prononcer sa Promesse qui est un engagement devant Dieu et la compagnie \u00e0 toujours mieux servir.<\/p><\/div>\t\t\t\t\t\t\t\t<\/div>\n\t\t\t\t\t\t\t<\/div>\n\t\t\t\t\t\t\t\t\t\t\t\t\t<\/div>\n\t\t\t\t\t\t<\/a>\t\t\t\t<\/div>\n\n\t\t\t<\/div>\n\t\t\t\t\t\t\t\t\n\t\t\t\t\t\t<div id=\"5576fd5\" class=\"eae-timeline-item elementor-repeater-item-5576fd5 custom-image-style-no image-position-\">\n\n\t\t\t\t<div class=\"eae-tl-item-meta-wrapper\">\n\t\t\t\t\t\n\t\t\t\t<\/div>\n\n\t\t\t\t<div class=\"eae-tl-icon-wrapper\" id=\"5576fd5\">\n\t\t\t\t\t\t\t\t<div class=\"eae-icon eae-icon-item_icon eae-icon-view-stacked eae-icon-shape-circle eae-icon-type-icon\">\n\t\t\t\t<div class=\"eae-icon-wrap\">\n\t\t\t\t\t\t\t\t\t\t\t<i aria-hidden=\"true\" class=\"fas fa-medal\"><\/i>\t\t\t\t\t\t\t\t\t\t<\/div>\n\t\t\t<\/div>\n\t\t\t\t\t\t\t<\/div>\n\t\t\t\t<div class=\"eae-tl-content-wrapper\">\n\t\t\t\t\t\t\t\t\t\t\t\t\t<a href=\"#\">\n\t\t\t\t\t\t\t\t\t\t\t\t<div class=\"eae-tl-item-content\">\n\t\t\t\t\t\t\t\t\t\t\t\t\t\t<div class=\"eae-width-100 eae-tl-content\">\n\t\t\t\t\t\t\t\t<div class=\"eae-content-inner\">\n\t\t\t\t\t\t\t\t\t<div class=\"eae-tl-item-meta-wrapper-inner\">\n\t\t\t\t\t\t\t\t\t\t\t\t\t\t\t\t\t\t\t<\/div>\n\t\t\t\t\t\t\t\t\t<h3 class=\"eae-tl-item-title\">La seconde classe<\/h3><div class=\"eae-tl-content-innner\"><p><span class=\"xwd54\">La seconde classe s'adresse aux guides de 13-14 ans, ayant prononc\u00e9 leur promesse et d\u00e9termin\u00e9s \u00e0 devenir des piliers d'\u00e9quipe. Elles doivent \u00eatre capables de prendre des initiatives au sein de leur \u00e9quipe, assumer un poste d'action, transmettre leur savoir faire aux aspirantes et m\u00e9riter la confiance de leur chef d'\u00e9quipe. Le suivi de la progression est assur\u00e9 en majorit\u00e9 par la chef d'\u00e9quipe en lien avec la cheftaine de compagnie. C'est la Cour d'Honneur (compos\u00e9e de la cheftaine de compagnie, des Chefs d'\u00e9quipe, de l\u2019aum\u00f4nier, des assistantes et des guides de 1<sup class=\"exposant\">e<\/sup> classe), sur proposition de la chef d'\u00e9quipe, qui d\u00e9cide de remettre ou non sa 2\u00e8me classe \u00e0 une guide.<\/span><\/p><\/div>\t\t\t\t\t\t\t\t<\/div>\n\t\t\t\t\t\t\t<\/div>\n\t\t\t\t\t\t\t\t\t\t\t\t\t<\/div>\n\t\t\t\t\t\t<\/a>\t\t\t\t<\/div>\n\n\t\t\t<\/div>\n\t\t\t\t\t\t\t\t\n\t\t\t\t\t\t<div id=\"b7f8436\" class=\"eae-timeline-item elementor-repeater-item-b7f8436 custom-image-style-no image-position-\">\n\n\t\t\t\t<div class=\"eae-tl-item-meta-wrapper\">\n\t\t\t\t\t\n\t\t\t\t<\/div>\n\n\t\t\t\t<div class=\"eae-tl-icon-wrapper\" id=\"b7f8436\">\n\t\t\t\t\t\t\t\t<div class=\"eae-icon eae-icon-item_icon eae-icon-view-stacked eae-icon-shape-circle eae-icon-type-icon\">\n\t\t\t\t<div class=\"eae-icon-wrap\">\n\t\t\t\t\t\t\t\t\t\t\t<i aria-hidden=\"true\" class=\"fas fa-bookmark\"><\/i>\t\t\t\t\t\t\t\t\t\t<\/div>\n\t\t\t<\/div>\n\t\t\t\t\t\t\t<\/div>\n\t\t\t\t<div class=\"eae-tl-content-wrapper\">\n\t\t\t\t\t\t\t\t\t\t\t\t\t<a href=\"#\">\n\t\t\t\t\t\t\t\t\t\t\t\t<div class=\"eae-tl-item-content\">\n\t\t\t\t\t\t\t\t\t\t\t\t\t\t<div class=\"eae-width-100 eae-tl-content\">\n\t\t\t\t\t\t\t\t<div class=\"eae-content-inner\">\n\t\t\t\t\t\t\t\t\t<div class=\"eae-tl-item-meta-wrapper-inner\">\n\t\t\t\t\t\t\t\t\t\t\t\t\t\t\t\t\t\t\t<\/div>\n\t\t\t\t\t\t\t\t\t<h3 class=\"eae-tl-item-title\">Les brevets de sp\u00e9cialit\u00e9<\/h3><div class=\"eae-tl-content-innner\"><p>Les brevets sont faits pour les guides de 13 \u00e0 17 ans, ayant obtenus leur 2\u00e8me classe. Ils r\u00e9compensent un savoir faire acquis par un \u00e9claireur dans un domaine sp\u00e9cifique et mis au service de son \u00e9quipe ou de la compagnie toute enti\u00e8re. Pour y arriver, la guide doit r\u00e9aliser toutes les \u00e9preuves fix\u00e9es dans le Guide Bleu et les faire valider par sa chef d'\u00e9quipe ou sa cheftaine de compagnie. Le niveau \u00e0 atteindre est le m\u00eame pour tous. C'est la Cour d'Honneur qui d\u00e9cide de l'attribution des badges.<\/p><\/div>\t\t\t\t\t\t\t\t<\/div>\n\t\t\t\t\t\t\t<\/div>\n\t\t\t\t\t\t\t\t\t\t\t\t\t<\/div>\n\t\t\t\t\t\t<\/a>\t\t\t\t<\/div>\n\n\t\t\t<\/div>\n\t\t\t\t\t\t\t\t\n\t\t\t\t\t\t<div id=\"126f123\" class=\"eae-timeline-item elementor-repeater-item-126f123 custom-image-style-no image-position-\">\n\n\t\t\t\t<div class=\"eae-tl-item-meta-wrapper\">\n\t\t\t\t\t\n\t\t\t\t<\/div>\n\n\t\t\t\t<div class=\"eae-tl-icon-wrapper\" id=\"126f123\">\n\t\t\t\t\t\t\t\t<div class=\"eae-icon eae-icon-item_icon eae-icon-view-stacked eae-icon-shape-circle eae-icon-type-icon\">\n\t\t\t\t<div class=\"eae-icon-wrap\">\n\t\t\t\t\t\t\t\t\t\t\t<i aria-hidden=\"true\" class=\"fas fa-medal\"><\/i>\t\t\t\t\t\t\t\t\t\t<\/div>\n\t\t\t<\/div>\n\t\t\t\t\t\t\t<\/div>\n\t\t\t\t<div class=\"eae-tl-content-wrapper\">\n\t\t\t\t\t\t\t\t\t\t\t\t\t<a href=\"#\">\n\t\t\t\t\t\t\t\t\t\t\t\t<div class=\"eae-tl-item-content\">\n\t\t\t\t\t\t\t\t\t\t\t\t\t\t<div class=\"eae-width-100 eae-tl-content\">\n\t\t\t\t\t\t\t\t<div class=\"eae-content-inner\">\n\t\t\t\t\t\t\t\t\t<div class=\"eae-tl-item-meta-wrapper-inner\">\n\t\t\t\t\t\t\t\t\t\t\t\t\t\t\t\t\t\t\t<\/div>\n\t\t\t\t\t\t\t\t\t<h3 class=\"eae-tl-item-title\">La premi\u00e8re classe<\/h3><div class=\"eae-tl-content-innner\"><p>La premi\u00e8re classe est con\u00e7ue pour les guides de 16-17 ans, faisant partie de la haute patrouille en tant que chef d'\u00e9quipe ou seconde, cadres de la compagnie et destin\u00e9es \u00e0 en devenir des piliers sur lesquels la ma\u00eetrise peut s'appuyer. C'est la chef d'\u00e9quipe qui suit plus particuli\u00e8rement leur progression, fixe avec eux les \u00e9preuves dans le Guide Bleu et les valide. La chef d'unit\u00e9 propose \u00e0 la Cour d'Honneur pour d\u00e9lib\u00e9ration les guides qu'elle estime dignes de recevoir leur 1\u00e8re classe.<\/p><\/div>\t\t\t\t\t\t\t\t<\/div>\n\t\t\t\t\t\t\t<\/div>\n\t\t\t\t\t\t\t\t\t\t\t\t\t<\/div>\n\t\t\t\t\t\t<\/a>\t\t\t\t<\/div>\n\n\t\t\t<\/div>\n\t\t\t\t\t\t\t\t\n\t\t\t\t\t\t<div id=\"0ae2de6\" class=\"eae-timeline-item elementor-repeater-item-0ae2de6 custom-image-style-no image-position-\">\n\n\t\t\t\t<div class=\"eae-tl-item-meta-wrapper\">\n\t\t\t\t\t\n\t\t\t\t<\/div>\n\n\t\t\t\t<div class=\"eae-tl-icon-wrapper\" id=\"0ae2de6\">\n\t\t\t\t\t\t\t\t<div class=\"eae-icon eae-icon-item_icon eae-icon-view-stacked eae-icon-shape-circle eae-icon-type-icon\">\n\t\t\t\t<div class=\"eae-icon-wrap\">\n\t\t\t\t\t\t\t\t\t\t\t<i aria-hidden=\"true\" class=\"fas fa-graduation-cap\"><\/i>\t\t\t\t\t\t\t\t\t\t<\/div>\n\t\t\t<\/div>\n\t\t\t\t\t\t\t<\/div>\n\t\t\t\t<div class=\"eae-tl-content-wrapper\">\n\t\t\t\t\t\t\t\t\t\t\t\t\t<a href=\"#\">\n\t\t\t\t\t\t\t\t\t\t\t\t<div class=\"eae-tl-item-content\">\n\t\t\t\t\t\t\t\t\t\t\t\t\t\t<div class=\"eae-width-100 eae-tl-content\">\n\t\t\t\t\t\t\t\t<div class=\"eae-content-inner\">\n\t\t\t\t\t\t\t\t\t<div class=\"eae-tl-item-meta-wrapper-inner\">\n\t\t\t\t\t\t\t\t\t\t\t\t\t\t\t\t\t\t\t<\/div>\n\t\t\t\t\t\t\t\t\t<h3 class=\"eae-tl-item-title\">Tu es grande... tu es Chef<\/h3><div class=\"eae-tl-content-innner\"><p>La Chef d'\u00e9quipe, ou CE, est une guide plac\u00e9e \u00e0 la t\u00eate d'une \u00e9quipe. C'est l'aboutissement du parcours de guide. Ayant plus d'exp\u00e9rience et\/ou de maturit\u00e9 que les autres scoutes de son \u00e9quipe, elle a pour r\u00f4le de les aider \u00e0 progresser. Elle est nomm\u00e9e par la cheftaine de la compagnie et est assist\u00e9e d'une seconde.<\/p><p>Le CE est le responsable du bon fonctionnement de son \u00e9quipe. Sur elle reposent les d\u00e9cisions et responsabilit\u00e9s de l'\u00e9quipe. Elle a la charge de la continuit\u00e9 et de la qualit\u00e9 de la progression de ses guides. La CE valide notamment les \u00e9preuves d'aspirant pour lesquelles elle dispose d'une certaine latitude, donne des conseils et assiste la ma\u00eetrise pour les passages de classe et les brevets.<\/p><\/div>\t\t\t\t\t\t\t\t<\/div>\n\t\t\t\t\t\t\t<\/div>\n\t\t\t\t\t\t\t\t\t\t\t\t\t<\/div>\n\t\t\t\t\t\t<\/a>\t\t\t\t<\/div>\n\n\t\t\t<\/div>\n\t\t\t\t\t\t<\/section>\n\n\t\t\t\t\t\t<\/div>\n\t\t\t\t<\/div>\n\t\t\t\t\t<\/div>\n\t\t<\/div>\n\t\t\t\t\t<\/div>\n\t\t<\/section>\n\t\t\t\t<\/div>\n\t\t","protected":false},"excerpt":{"rendered":"<p>Unit\u00e9 \u00c0 partir de 12 ans, les Jeannettes sont pr\u00eates \u00e0 \u00ab monter \u00bb \u00e0 la Compagnie. Mais la compagnie peut \u00e9galement accueillir des jeunes filles qui n\u2019ont pas pratiqu\u00e9 encore de scoutisme. Elles deviennent Guides. Sous la houlette des cheftaines, elles d\u00e9couvrent les techniques du scoutisme pour camper, se prot\u00e9ger des intemp\u00e9ries, se nourrir\u2026 [&hellip;]<\/p>\n","protected":false},"author":1,"featured_media":0,"parent":0,"menu_order":0,"comment_status":"closed","ping_status":"closed","template":"","meta":{"footnotes":""},"class_list":["post-392","page","type-page","status-publish","hentry"],"aioseo_notices":[],"_links":{"self":[{"href":"https:\/\/sufpau.fr\/index.php\/wp-json\/wp\/v2\/pages\/392","targetHints":{"allow":["GET"]}}],"collection":[{"href":"https:\/\/sufpau.fr\/index.php\/wp-json\/wp\/v2\/pages"}],"about":[{"href":"https:\/\/sufpau.fr\/index.php\/wp-json\/wp\/v2\/types\/page"}],"author":[{"embeddable":true,"href":"https:\/\/sufpau.fr\/index.php\/wp-json\/wp\/v2\/users\/1"}],"replies":[{"embeddable":true,"href":"https:\/\/sufpau.fr\/index.php\/wp-json\/wp\/v2\/comments?post=392"}],"version-history":[{"count":34,"href":"https:\/\/sufpau.fr\/index.php\/wp-json\/wp\/v2\/pages\/392\/revisions"}],"predecessor-version":[{"id":437,"href":"https:\/\/sufpau.fr\/index.php\/wp-json\/wp\/v2\/pages\/392\/revisions\/437"}],"wp:attachment":[{"href":"https:\/\/sufpau.fr\/index.php\/wp-json\/wp\/v2\/media?parent=392"}],"curies":[{"name":"wp","href":"https:\/\/api.w.org\/{rel}","templated":true}]}}