{"id":337,"date":"2022-02-04T18:42:27","date_gmt":"2022-02-04T17:42:27","guid":{"rendered":"https:\/\/sufpau.fr\/?page_id=337"},"modified":"2022-02-07T13:44:49","modified_gmt":"2022-02-07T12:44:49","slug":"ronde-8-12-2","status":"publish","type":"page","link":"https:\/\/sufpau.fr\/index.php\/ronde-8-12-2\/","title":{"rendered":"Troupe 12-17"},"content":{"rendered":"\t\t<div data-elementor-type=\"wp-page\" data-elementor-id=\"337\" class=\"elementor elementor-337\">\n\t\t\t\t\t\t<section class=\"has_eae_slider elementor-section elementor-top-section elementor-element elementor-element-fbbee9c elementor-section-boxed elementor-section-height-default elementor-section-height-default\" data-eae-slider=\"78558\" data-id=\"fbbee9c\" data-element_type=\"section\" data-e-type=\"section\">\n\t\t\t\t\t\t<div class=\"elementor-container elementor-column-gap-default\">\n\t\t\t\t\t<div class=\"has_eae_slider elementor-column elementor-col-50 elementor-top-column elementor-element elementor-element-afb1f1e\" data-eae-slider=\"12672\" data-id=\"afb1f1e\" data-element_type=\"column\" data-e-type=\"column\">\n\t\t\t<div class=\"elementor-widget-wrap elementor-element-populated\">\n\t\t\t\t\t\t<div class=\"elementor-element elementor-element-15a5c67 elementor-widget elementor-widget-heading\" data-id=\"15a5c67\" data-element_type=\"widget\" data-e-type=\"widget\" data-widget_type=\"heading.default\">\n\t\t\t\t<div class=\"elementor-widget-container\">\n\t\t\t\t\t<h2 class=\"elementor-heading-title elementor-size-default\">Unit\u00e9<\/h2>\t\t\t\t<\/div>\n\t\t\t\t<\/div>\n\t\t\t\t<div class=\"elementor-element elementor-element-f268ac2 elementor-widget elementor-widget-text-editor\" data-id=\"f268ac2\" data-element_type=\"widget\" data-e-type=\"widget\" data-widget_type=\"text-editor.default\">\n\t\t\t\t<div class=\"elementor-widget-container\">\n\t\t\t\t\t\t\t\t\t<p><strong>\u00a0<\/strong><\/p><p><strong>\u00c0 partir de 12 ans, les louveteaux ou les jeunes gar\u00e7ons qui n\u2019ont pas fait de scoutisme sont pr\u00eats \u00e0 \u00ab monter \u00bb \u00e0 la troupe.<\/strong><\/p><p><strong>Ils deviennent \u00e9claireurs. Sous la houlette des chefs, ils d\u00e9couvrent les techniques du scoutisme pour camper, se prot\u00e9ger des intemp\u00e9ries, se nourrir\u2026<\/strong><\/p><p><strong>R\u00e9unis en patrouille autour d\u2019un chef de patrouille et de son second (CP et SP), les \u00e9claireurs font l\u2019apprentissage de l\u2019autonomie, de la d\u00e9brouillardise, de la camaraderie.<\/strong><\/p>\t\t\t\t\t\t\t\t<\/div>\n\t\t\t\t<\/div>\n\t\t\t\t<div class=\"elementor-element elementor-element-b33cfcc elementor-widget elementor-widget-image\" data-id=\"b33cfcc\" data-element_type=\"widget\" data-e-type=\"widget\" data-widget_type=\"image.default\">\n\t\t\t\t<div class=\"elementor-widget-container\">\n\t\t\t\t\t\t\t\t\t\t\t\t\t\t\t<img fetchpriority=\"high\" decoding=\"async\" width=\"800\" height=\"350\" src=\"https:\/\/sufpau.fr\/wp-content\/uploads\/2022\/02\/P9120071_comp-1024x448.jpg\" class=\"attachment-large size-large wp-image-355\" alt=\"\" srcset=\"https:\/\/sufpau.fr\/wp-content\/uploads\/2022\/02\/P9120071_comp-1024x448.jpg 1024w, https:\/\/sufpau.fr\/wp-content\/uploads\/2022\/02\/P9120071_comp-300x131.jpg 300w, https:\/\/sufpau.fr\/wp-content\/uploads\/2022\/02\/P9120071_comp-768x336.jpg 768w, https:\/\/sufpau.fr\/wp-content\/uploads\/2022\/02\/P9120071_comp-1536x672.jpg 1536w, https:\/\/sufpau.fr\/wp-content\/uploads\/2022\/02\/P9120071_comp.jpg 1591w\" sizes=\"(max-width: 800px) 100vw, 800px\" \/>\t\t\t\t\t\t\t\t\t\t\t\t\t\t\t<\/div>\n\t\t\t\t<\/div>\n\t\t\t\t\t<\/div>\n\t\t<\/div>\n\t\t\t\t<div class=\"has_eae_slider elementor-column elementor-col-50 elementor-top-column elementor-element elementor-element-a9c9a9f\" data-eae-slider=\"12327\" data-id=\"a9c9a9f\" data-element_type=\"column\" data-e-type=\"column\">\n\t\t\t<div class=\"elementor-widget-wrap elementor-element-populated\">\n\t\t\t\t\t\t<div class=\"elementor-element elementor-element-4f36080 elementor-widget elementor-widget-heading\" data-id=\"4f36080\" data-element_type=\"widget\" data-e-type=\"widget\" data-widget_type=\"heading.default\">\n\t\t\t\t<div class=\"elementor-widget-container\">\n\t\t\t\t\t<h2 class=\"elementor-heading-title elementor-size-default\">Uniforme<\/h2>\t\t\t\t<\/div>\n\t\t\t\t<\/div>\n\t\t\t\t<div class=\"elementor-element elementor-element-2d998f6 elementor-widget elementor-widget-image\" data-id=\"2d998f6\" data-element_type=\"widget\" data-e-type=\"widget\" data-widget_type=\"image.default\">\n\t\t\t\t<div class=\"elementor-widget-container\">\n\t\t\t\t\t\t\t\t\t\t\t\t\t\t\t<img decoding=\"async\" width=\"695\" height=\"720\" src=\"https:\/\/sufpau.fr\/wp-content\/uploads\/2022\/02\/uniforme-eclaireur.jpg\" class=\"attachment-large size-large wp-image-346\" alt=\"\" srcset=\"https:\/\/sufpau.fr\/wp-content\/uploads\/2022\/02\/uniforme-eclaireur.jpg 695w, https:\/\/sufpau.fr\/wp-content\/uploads\/2022\/02\/uniforme-eclaireur-290x300.jpg 290w\" sizes=\"(max-width: 695px) 100vw, 695px\" \/>\t\t\t\t\t\t\t\t\t\t\t\t\t\t\t<\/div>\n\t\t\t\t<\/div>\n\t\t\t\t\t<\/div>\n\t\t<\/div>\n\t\t\t\t\t<\/div>\n\t\t<\/section>\n\t\t\t\t<section class=\"has_eae_slider elementor-section elementor-top-section elementor-element elementor-element-124b39c elementor-section-boxed elementor-section-height-default elementor-section-height-default\" data-eae-slider=\"46135\" data-id=\"124b39c\" data-element_type=\"section\" data-e-type=\"section\">\n\t\t\t\t\t\t<div class=\"elementor-container elementor-column-gap-default\">\n\t\t\t\t\t<div class=\"has_eae_slider elementor-column elementor-col-100 elementor-top-column elementor-element elementor-element-ce33c34\" data-eae-slider=\"65689\" data-id=\"ce33c34\" data-element_type=\"column\" data-e-type=\"column\">\n\t\t\t<div class=\"elementor-widget-wrap elementor-element-populated\">\n\t\t\t\t\t\t<div class=\"elementor-element elementor-element-405f66f elementor-widget elementor-widget-heading\" data-id=\"405f66f\" data-element_type=\"widget\" data-e-type=\"widget\" data-widget_type=\"heading.default\">\n\t\t\t\t<div class=\"elementor-widget-container\">\n\t\t\t\t\t<h2 class=\"elementor-heading-title elementor-size-default\">P\u00e9dagogie<\/h2>\t\t\t\t<\/div>\n\t\t\t\t<\/div>\n\t\t\t\t<section class=\"has_eae_slider elementor-section elementor-inner-section elementor-element elementor-element-bc7678a elementor-section-boxed elementor-section-height-default elementor-section-height-default\" data-eae-slider=\"94305\" data-id=\"bc7678a\" data-element_type=\"section\" data-e-type=\"section\">\n\t\t\t\t\t\t<div class=\"elementor-container elementor-column-gap-default\">\n\t\t\t\t\t<div class=\"has_eae_slider elementor-column elementor-col-50 elementor-inner-column elementor-element elementor-element-4ae92af\" data-eae-slider=\"9605\" data-id=\"4ae92af\" data-element_type=\"column\" data-e-type=\"column\">\n\t\t\t<div class=\"elementor-widget-wrap elementor-element-populated\">\n\t\t\t\t\t\t<div class=\"elementor-element elementor-element-6447dc2 elementor-widget elementor-widget-text-editor\" data-id=\"6447dc2\" data-element_type=\"widget\" data-e-type=\"widget\" data-widget_type=\"text-editor.default\">\n\t\t\t\t<div class=\"elementor-widget-container\">\n\t\t\t\t\t\t\t\t\t<p>Chaque \u00e9claireur re\u00e7oit <strong>un r\u00f4le<\/strong>, attribu\u00e9 en fonction de sa place et de ses centres d\u2019int\u00e9r\u00eats dans la patrouille. Qu\u2019il soit mat\u00e9rialiste, intendant, topographe, tr\u00e9sorier ou secouriste, sa pr\u00e9sence aux activit\u00e9s d\u2019ann\u00e9e et au camp d\u2019\u00e9t\u00e9 est indispensable afin d\u2019assurer le bon fonctionnement de la patrouille. Les \u00e9claireurs sont invit\u00e9s \u00e0 <strong>progresser personnellement<\/strong>. A leur arriv\u00e9e, <strong>ils prononcent leur promesse pour fonder leur engagement<\/strong> sur la loi scoute.<\/p><p>Guid\u00e9s par leurs chefs qui appr\u00e9cient leur implication et leur motivation au sein de la troupe, <strong>ils s\u2019investissent dans leur progression dont ils sont acteurs<\/strong>.<\/p>\t\t\t\t\t\t\t\t<\/div>\n\t\t\t\t<\/div>\n\t\t\t\t\t<\/div>\n\t\t<\/div>\n\t\t\t\t<div class=\"has_eae_slider elementor-column elementor-col-50 elementor-inner-column elementor-element elementor-element-fd79e37\" data-eae-slider=\"42603\" data-id=\"fd79e37\" data-element_type=\"column\" data-e-type=\"column\">\n\t\t\t<div class=\"elementor-widget-wrap elementor-element-populated\">\n\t\t\t\t\t\t<div class=\"elementor-element elementor-element-4bcab9a elementor-widget elementor-widget-text-editor\" data-id=\"4bcab9a\" data-element_type=\"widget\" data-e-type=\"widget\" data-widget_type=\"text-editor.default\">\n\t\t\t\t<div class=\"elementor-widget-container\">\n\t\t\t\t\t\t\t\t\t<p>Quand ils sont pr\u00eats, ils franchissent des \u00e9tapes validant leur esprit de service (seconde et premi\u00e8re classe) ou attestant d\u2019un niveau technique (badges : sportif, liturgiste, secouriste\u2026). Plusieurs d\u00e9fis sont \u00e9galement propos\u00e9s, encourag\u00e9s et soutenus par les chefs : d\u00e9fis sportifs, temps de service aux plus pauvres de notre soci\u00e9t\u00e9\u2026 Ils invitent les jeunes \u00e0 <strong>se d\u00e9passer ensemble<\/strong>. La dynamique de groupe est facteur de progression de chacun. Mais que seraient les d\u00e9fis, les sorties, les week-ends de patrouille, sans le camp d\u2019\u00e9t\u00e9 ! Rien n\u2019est laiss\u00e9 au hasard pour que ces trois semaines en pleine nature soient inoubliables. <strong>Le camp prolonge l\u2019ann\u00e9e<\/strong> : d\u00e9clinaison du th\u00e8me imaginaire, application des techniques, progression des jeunes au sein de la troupe\u2026<\/p><p><!-- [if gte mso 9]><xml><br \/>\n <w:WordDocument><br \/>\n  <w:View>Normal<\/w:View><br \/>\n  <w:Zoom>0<\/w:Zoom><br \/>\n  <w:HyphenationZone>21<\/w:HyphenationZone><br \/>\n  <w:PunctuationKerning\/><br \/>\n  <w:ValidateAgainstSchemas\/><br \/>\n  <w:SaveIfXMLInvalid>false<\/w:SaveIfXMLInvalid><br \/>\n  <w:IgnoreMixedContent>false<\/w:IgnoreMixedContent><br \/>\n  <w:AlwaysShowPlaceholderText>false<\/w:AlwaysShowPlaceholderText><br \/>\n  <w:Compatibility><br \/>\n   <w:BreakWrappedTables\/><br \/>\n   <w:SnapToGridInCell\/><br \/>\n   <w:WrapTextWithPunct\/><br \/>\n   <w:UseAsianBreakRules\/><br \/>\n   <w:DontGrowAutofit\/><br \/>\n  <\/w:Compatibility><br \/>\n  <w:BrowserLevel>MicrosoftInternetExplorer4<\/w:BrowserLevel><br \/>\n <\/w:WordDocument><br \/>\n<\/xml><![endif]--><!-- [if gte mso 9]><xml><br \/>\n <w:LatentStyles DefLockedState=\"false\" LatentStyleCount=\"156\"><br \/>\n <\/w:LatentStyles><br \/>\n<\/xml><![endif]--><!-- [if gte mso 10]><\/p>\n<style>\n \/* Style Definitions *\/<br \/>\n table.MsoNormalTable<br \/>\n\t{mso-style-name:\"Tableau Normal\";<br \/>\n\tmso-tstyle-rowband-size:0;<br \/>\n\tmso-tstyle-colband-size:0;<br \/>\n\tmso-style-noshow:yes;<br \/>\n\tmso-style-parent:\"\";<br \/>\n\tmso-padding-alt:0cm 5.4pt 0cm 5.4pt;<br \/>\n\tmso-para-margin:0cm;<br \/>\n\tmso-para-margin-bottom:.0001pt;<br \/>\n\tmso-pagination:widow-orphan;<br \/>\n\tfont-size:10.0pt;<br \/>\n\tfont-family:\"Times New Roman\";<br \/>\n\tmso-ansi-language:#0400;<br \/>\n\tmso-fareast-language:#0400;<br \/>\n\tmso-bidi-language:#0400;}<br \/>\n<\/style>\n<p><![endif]--><\/p>\t\t\t\t\t\t\t\t<\/div>\n\t\t\t\t<\/div>\n\t\t\t\t\t<\/div>\n\t\t<\/div>\n\t\t\t\t\t<\/div>\n\t\t<\/section>\n\t\t\t\t<div class=\"elementor-element elementor-element-4f943ac elementor-widget elementor-widget-heading\" data-id=\"4f943ac\" data-element_type=\"widget\" data-e-type=\"widget\" data-widget_type=\"heading.default\">\n\t\t\t\t<div class=\"elementor-widget-container\">\n\t\t\t\t\t<h2 class=\"elementor-heading-title elementor-size-default\">Progression<\/h2>\t\t\t\t<\/div>\n\t\t\t\t<\/div>\n\t\t\t\t<div class=\"elementor-element elementor-element-761392c elementor-widget elementor-widget-text-editor\" data-id=\"761392c\" data-element_type=\"widget\" data-e-type=\"widget\" data-widget_type=\"text-editor.default\">\n\t\t\t\t<div class=\"elementor-widget-container\">\n\t\t\t\t\t\t\t\t\t<p>La progression est personnalis\u00e9e en fonction des capacit\u00e9s et des comp\u00e9tences de d\u00e9part de chaque \u00e9claireur. Le suivi de la progression est assur\u00e9 par le chef de patrouille et\/ou le chef de troupe. C&rsquo;est leur mission principale.<br><br>L&rsquo;outil indispensable de la progression de l&rsquo;\u00e9claireur est l&rsquo;Azimut, v\u00e9ritable guide p\u00e9dagogique \u00e0 la troupe.<br><br>Il existe 2 p\u00e9dagogies compl\u00e9mentaires \u00e0 la troupe : celle de l&rsquo;effort, symbolis\u00e9 par les classes et celle du r\u00e9sultat, repr\u00e9sent\u00e9e par les badges. Les classes t\u00e9moignent davantage du chemin parcouru que du r\u00e9sultat obtenu, alors que les badges r\u00e9compensent un niveau d&rsquo;excellence atteint dans un domaine particulier. Pour obtenir une classe, l&rsquo;\u00e9claireur doit \u00eatre au point dans 3 domaines : l&rsquo;esprit scout, les \u00e9preuves techniques et le raid de progression adapt\u00e9 \u00e0 chaque \u00e2ge.<\/p>\t\t\t\t\t\t\t\t<\/div>\n\t\t\t\t<\/div>\n\t\t\t\t<div class=\"elementor-element elementor-element-2ff2b8d image-position-column elementor-widget elementor-widget-eae-timeline\" data-id=\"2ff2b8d\" data-element_type=\"widget\" data-e-type=\"widget\" data-widget_type=\"eae-timeline.skin1\">\n\t\t\t\t<div class=\"elementor-widget-container\">\n\t\t\t\t\t\t\t<section data-layout=\"center\" data-top-offset=\"200\" class=\"eae-layout-center eae-timeline eae-timeline-alternate-no eae-tl-center eae-tl-res-style-mobile eae-tl-res-layout-left\">\n\t\t\t<div class=\"eae-timline-progress-bar\">\n\t\t\t\t<div class='eae-pb-inner-line'><\/div>\n\t\t\t<\/div>\n\n\t\t\t\n\t\t\t\t\t\t\t\t\n\t\t\t\t\t\t<div id=\"e41d69d\" class=\"eae-timeline-item elementor-repeater-item-e41d69d custom-image-style-no image-position-\">\n\n\t\t\t\t<div class=\"eae-tl-item-meta-wrapper\">\n\t\t\t\t\t\n\t\t\t\t<\/div>\n\n\t\t\t\t<div class=\"eae-tl-icon-wrapper\" id=\"e41d69d\">\n\t\t\t\t\t\t\t\t<div class=\"eae-icon eae-icon-item_icon eae-icon-view-stacked eae-icon-shape-circle eae-icon-type-icon\">\n\t\t\t\t<div class=\"eae-icon-wrap\">\n\t\t\t\t\t\t\t\t\t\t\t<i aria-hidden=\"true\" class=\"fas fa-genderless\"><\/i>\t\t\t\t\t\t\t\t\t\t<\/div>\n\t\t\t<\/div>\n\t\t\t\t\t\t\t<\/div>\n\t\t\t\t<div class=\"eae-tl-content-wrapper\">\n\t\t\t\t\t\t\t\t\t\t\t\t\t<a href=\"#\">\n\t\t\t\t\t\t\t\t\t\t\t\t<div class=\"eae-tl-item-content\">\n\t\t\t\t\t\t\t\t\t\t\t\t\t\t<div class=\"eae-width-100 eae-tl-content\">\n\t\t\t\t\t\t\t\t<div class=\"eae-content-inner\">\n\t\t\t\t\t\t\t\t\t<div class=\"eae-tl-item-meta-wrapper-inner\">\n\t\t\t\t\t\t\t\t\t\t\t\t\t\t\t\t\t\t\t<\/div>\n\t\t\t\t\t\t\t\t\t<h3 class=\"eae-tl-item-title\">L'aspirance<\/h3><div class=\"eae-tl-content-innner\"><p>L'aspirance est destin\u00e9e aux nouveaux \u00e9claireurs d\u00e9couvrant la troupe. elle permet de d\u00e9couvrir les bases fondamentales : le fonctionnement en patrouille, l'esprit scout, la loi scoute, les rites et les c\u00e9r\u00e9moniaux, les techniques indiqu\u00e9es dans le carnet de progression\u00a0: \"Azimut\". Des \u00e9preuves de progression sont choisies en concertation avec le chef de patrouille et l'\u00e9claireur, et consign\u00e9es dans l'Azimut. Elles permettent un suivi dans le temps, valident la progression de l'\u00e9claireur et ainsi valorisent ses efforts.<\/p><\/div>\t\t\t\t\t\t\t\t<\/div>\n\t\t\t\t\t\t\t<\/div>\n\t\t\t\t\t\t\t\t\t\t\t\t\t<\/div>\n\t\t\t\t\t\t<\/a>\t\t\t\t<\/div>\n\n\t\t\t<\/div>\n\t\t\t\t\t\t\t\t\n\t\t\t\t\t\t<div id=\"cafee61\" class=\"eae-timeline-item elementor-repeater-item-cafee61 custom-image-style-no image-position-\">\n\n\t\t\t\t<div class=\"eae-tl-item-meta-wrapper\">\n\t\t\t\t\t\n\t\t\t\t<\/div>\n\n\t\t\t\t<div class=\"eae-tl-icon-wrapper\" id=\"cafee61\">\n\t\t\t\t\t\t\t\t<div class=\"eae-icon eae-icon-item_icon eae-icon-view-stacked eae-icon-shape-circle eae-icon-type-icon\">\n\t\t\t\t<div class=\"eae-icon-wrap\">\n\t\t\t\t\t\t\t\t\t\t\t<i aria-hidden=\"true\" class=\"fas fa-hands\"><\/i>\t\t\t\t\t\t\t\t\t\t<\/div>\n\t\t\t<\/div>\n\t\t\t\t\t\t\t<\/div>\n\t\t\t\t<div class=\"eae-tl-content-wrapper\">\n\t\t\t\t\t\t\t\t\t\t\t\t\t<a href=\"#\">\n\t\t\t\t\t\t\t\t\t\t\t\t<div class=\"eae-tl-item-content\">\n\t\t\t\t\t\t\t\t\t\t\t\t\t\t<div class=\"eae-width-100 eae-tl-content\">\n\t\t\t\t\t\t\t\t<div class=\"eae-content-inner\">\n\t\t\t\t\t\t\t\t\t<div class=\"eae-tl-item-meta-wrapper-inner\">\n\t\t\t\t\t\t\t\t\t\t\t\t\t\t\t\t\t\t\t<\/div>\n\t\t\t\t\t\t\t\t\t<h3 class=\"eae-tl-item-title\">La Promesse<\/h3><div class=\"eae-tl-content-innner\"><p>Apr\u00e8s 9 \u00e0 12 mois d'aspirance, si les \u00e9preuves ont \u00e9t\u00e9 valid\u00e9es, le raid d'aspirance accompli et l'esprit scout int\u00e9gr\u00e9, l'\u00e9claireur peut demander \u00e0 prononcer sa Promesse qui est un engagement devant Dieu et la troupe \u00e0 toujours mieux servir.<\/p><\/div>\t\t\t\t\t\t\t\t<\/div>\n\t\t\t\t\t\t\t<\/div>\n\t\t\t\t\t\t\t\t\t\t\t\t\t<\/div>\n\t\t\t\t\t\t<\/a>\t\t\t\t<\/div>\n\n\t\t\t<\/div>\n\t\t\t\t\t\t\t\t\n\t\t\t\t\t\t<div id=\"5576fd5\" class=\"eae-timeline-item elementor-repeater-item-5576fd5 custom-image-style-no image-position-\">\n\n\t\t\t\t<div class=\"eae-tl-item-meta-wrapper\">\n\t\t\t\t\t\n\t\t\t\t<\/div>\n\n\t\t\t\t<div class=\"eae-tl-icon-wrapper\" id=\"5576fd5\">\n\t\t\t\t\t\t\t\t<div class=\"eae-icon eae-icon-item_icon eae-icon-view-stacked eae-icon-shape-circle eae-icon-type-icon\">\n\t\t\t\t<div class=\"eae-icon-wrap\">\n\t\t\t\t\t\t\t\t\t\t\t<i aria-hidden=\"true\" class=\"fas fa-medal\"><\/i>\t\t\t\t\t\t\t\t\t\t<\/div>\n\t\t\t<\/div>\n\t\t\t\t\t\t\t<\/div>\n\t\t\t\t<div class=\"eae-tl-content-wrapper\">\n\t\t\t\t\t\t\t\t\t\t\t\t\t<a href=\"#\">\n\t\t\t\t\t\t\t\t\t\t\t\t<div class=\"eae-tl-item-content\">\n\t\t\t\t\t\t\t\t\t\t\t\t\t\t<div class=\"eae-width-100 eae-tl-content\">\n\t\t\t\t\t\t\t\t<div class=\"eae-content-inner\">\n\t\t\t\t\t\t\t\t\t<div class=\"eae-tl-item-meta-wrapper-inner\">\n\t\t\t\t\t\t\t\t\t\t\t\t\t\t\t\t\t\t\t<\/div>\n\t\t\t\t\t\t\t\t\t<h3 class=\"eae-tl-item-title\">La seconde classe<\/h3><div class=\"eae-tl-content-innner\"><p><span class=\"xwd54\">La seconde classe s'adresse aux \u00e9claireurs de 13-14 ans, ayant prononc\u00e9 leur promesse et d\u00e9termin\u00e9s \u00e0 devenir des piliers de patrouille. Ils doivent \u00eatre capables de prendre des initiatives au sein de leur patrouille, assumer un poste d'action, transmettre leur savoir faire aux aspirants et m\u00e9riter la confiance de leur chef de patrouille. Le suivi de la progression est assur\u00e9 en majorit\u00e9 par le chef de patrouille en lien avec le chef de troupe. C'est la Cour d'Honneur, sur proposition du chef de patrouille, qui d\u00e9cide de remettre ou non sa 2\u00e8me classe \u00e0 un \u00e9claireur.<\/span><\/p><\/div>\t\t\t\t\t\t\t\t<\/div>\n\t\t\t\t\t\t\t<\/div>\n\t\t\t\t\t\t\t\t\t\t\t\t\t<\/div>\n\t\t\t\t\t\t<\/a>\t\t\t\t<\/div>\n\n\t\t\t<\/div>\n\t\t\t\t\t\t\t\t\n\t\t\t\t\t\t<div id=\"b7f8436\" class=\"eae-timeline-item elementor-repeater-item-b7f8436 custom-image-style-no image-position-\">\n\n\t\t\t\t<div class=\"eae-tl-item-meta-wrapper\">\n\t\t\t\t\t\n\t\t\t\t<\/div>\n\n\t\t\t\t<div class=\"eae-tl-icon-wrapper\" id=\"b7f8436\">\n\t\t\t\t\t\t\t\t<div class=\"eae-icon eae-icon-item_icon eae-icon-view-stacked eae-icon-shape-circle eae-icon-type-icon\">\n\t\t\t\t<div class=\"eae-icon-wrap\">\n\t\t\t\t\t\t\t\t\t\t\t<i aria-hidden=\"true\" class=\"fas fa-bookmark\"><\/i>\t\t\t\t\t\t\t\t\t\t<\/div>\n\t\t\t<\/div>\n\t\t\t\t\t\t\t<\/div>\n\t\t\t\t<div class=\"eae-tl-content-wrapper\">\n\t\t\t\t\t\t\t\t\t\t\t\t\t<a href=\"#\">\n\t\t\t\t\t\t\t\t\t\t\t\t<div class=\"eae-tl-item-content\">\n\t\t\t\t\t\t\t\t\t\t\t\t\t\t<div class=\"eae-width-100 eae-tl-content\">\n\t\t\t\t\t\t\t\t<div class=\"eae-content-inner\">\n\t\t\t\t\t\t\t\t\t<div class=\"eae-tl-item-meta-wrapper-inner\">\n\t\t\t\t\t\t\t\t\t\t\t\t\t\t\t\t\t\t\t<\/div>\n\t\t\t\t\t\t\t\t\t<h3 class=\"eae-tl-item-title\">Les badges<\/h3><div class=\"eae-tl-content-innner\"><p>Les badges sont faits pour les \u00e9claireurs de 13 \u00e0 17 ans, ayant obtenus leur 2\u00e8me classe. Ils r\u00e9compensent un savoir faire acquis par un \u00e9claireur dans un domaine sp\u00e9cifique et mis au service de sa patrouille ou de la troupe. Pour y arriver, l'\u00e9claireur doit r\u00e9aliser toutes les \u00e9preuves fix\u00e9es dans l'Azimut et les faire valider par son chef de patrouille ou son chef de troupe. Le niveau \u00e0 atteindre est le m\u00eame pour tous. C'est la Cour d'Honneur qui d\u00e9cide de l'attribution des badges.<\/p><\/div>\t\t\t\t\t\t\t\t<\/div>\n\t\t\t\t\t\t\t<\/div>\n\t\t\t\t\t\t\t\t\t\t\t\t\t<\/div>\n\t\t\t\t\t\t<\/a>\t\t\t\t<\/div>\n\n\t\t\t<\/div>\n\t\t\t\t\t\t\t\t\n\t\t\t\t\t\t<div id=\"126f123\" class=\"eae-timeline-item elementor-repeater-item-126f123 custom-image-style-no image-position-\">\n\n\t\t\t\t<div class=\"eae-tl-item-meta-wrapper\">\n\t\t\t\t\t\n\t\t\t\t<\/div>\n\n\t\t\t\t<div class=\"eae-tl-icon-wrapper\" id=\"126f123\">\n\t\t\t\t\t\t\t\t<div class=\"eae-icon eae-icon-item_icon eae-icon-view-stacked eae-icon-shape-circle eae-icon-type-icon\">\n\t\t\t\t<div class=\"eae-icon-wrap\">\n\t\t\t\t\t\t\t\t\t\t\t<i aria-hidden=\"true\" class=\"fas fa-medal\"><\/i>\t\t\t\t\t\t\t\t\t\t<\/div>\n\t\t\t<\/div>\n\t\t\t\t\t\t\t<\/div>\n\t\t\t\t<div class=\"eae-tl-content-wrapper\">\n\t\t\t\t\t\t\t\t\t\t\t\t\t<a href=\"#\">\n\t\t\t\t\t\t\t\t\t\t\t\t<div class=\"eae-tl-item-content\">\n\t\t\t\t\t\t\t\t\t\t\t\t\t\t<div class=\"eae-width-100 eae-tl-content\">\n\t\t\t\t\t\t\t\t<div class=\"eae-content-inner\">\n\t\t\t\t\t\t\t\t\t<div class=\"eae-tl-item-meta-wrapper-inner\">\n\t\t\t\t\t\t\t\t\t\t\t\t\t\t\t\t\t\t\t<\/div>\n\t\t\t\t\t\t\t\t\t<h3 class=\"eae-tl-item-title\">La premi\u00e8re classe<\/h3><div class=\"eae-tl-content-innner\"><p>La premi\u00e8re classe est con\u00e7ue pour les \u00e9claireurs de 16-17 ans, faisant partie de la haute patrouille en tant que chef de patrouille ou SP, cadres de la troupe et destin\u00e9s \u00e0 en devenir des piliers sur lesquels la ma\u00eetrise peut s'appuyer. C'est le chef de troupe qui suit plus particuli\u00e8rement leur progression, fixe avec eux les \u00e9preuves dans l'Azimut et les valide. Le chef de troupe propose \u00e0 la Cour d'Honneur les \u00e9claireurs qu'il estime dignes de recevoir leur 1\u00e8re classe pour d\u00e9lib\u00e9ration.<\/p><\/div>\t\t\t\t\t\t\t\t<\/div>\n\t\t\t\t\t\t\t<\/div>\n\t\t\t\t\t\t\t\t\t\t\t\t\t<\/div>\n\t\t\t\t\t\t<\/a>\t\t\t\t<\/div>\n\n\t\t\t<\/div>\n\t\t\t\t\t\t\t\t\n\t\t\t\t\t\t<div id=\"0ae2de6\" class=\"eae-timeline-item elementor-repeater-item-0ae2de6 custom-image-style-no image-position-\">\n\n\t\t\t\t<div class=\"eae-tl-item-meta-wrapper\">\n\t\t\t\t\t\n\t\t\t\t<\/div>\n\n\t\t\t\t<div class=\"eae-tl-icon-wrapper\" id=\"0ae2de6\">\n\t\t\t\t\t\t\t\t<div class=\"eae-icon eae-icon-item_icon eae-icon-view-stacked eae-icon-shape-circle eae-icon-type-icon\">\n\t\t\t\t<div class=\"eae-icon-wrap\">\n\t\t\t\t\t\t\t\t\t\t\t<i aria-hidden=\"true\" class=\"fas fa-graduation-cap\"><\/i>\t\t\t\t\t\t\t\t\t\t<\/div>\n\t\t\t<\/div>\n\t\t\t\t\t\t\t<\/div>\n\t\t\t\t<div class=\"eae-tl-content-wrapper\">\n\t\t\t\t\t\t\t\t\t\t\t\t\t<a href=\"#\">\n\t\t\t\t\t\t\t\t\t\t\t\t<div class=\"eae-tl-item-content\">\n\t\t\t\t\t\t\t\t\t\t\t\t\t\t<div class=\"eae-width-100 eae-tl-content\">\n\t\t\t\t\t\t\t\t<div class=\"eae-content-inner\">\n\t\t\t\t\t\t\t\t\t<div class=\"eae-tl-item-meta-wrapper-inner\">\n\t\t\t\t\t\t\t\t\t\t\t\t\t\t\t\t\t\t\t<\/div>\n\t\t\t\t\t\t\t\t\t<h3 class=\"eae-tl-item-title\">Tu es grand... tu es Chef<\/h3><div class=\"eae-tl-content-innner\"><p>Le Chef de patrouille, ou CP, est un \u00e9claireur plac\u00e9 \u00e0 la t\u00eate d'une patrouille. C'est l'aboutissement du parcours d'\u00e9claireur. Ayant plus d'exp\u00e9rience et\/ou de maturit\u00e9 que les autres scouts de sa patrouille, il a pour r\u00f4le de les aider \u00e0 progresser. Il est nomm\u00e9 par le chef de la troupe et est assist\u00e9 d'un second.<\/p><p>Le CP est le responsable du bon fonctionnement de la patrouille. Sur lui reposent les d\u00e9cisions et responsabilit\u00e9s de la patrouille. Il a la charge de la continuit\u00e9 et de la qualit\u00e9 de la progression de ses \u00e9claireurs. Le CP notamment valide les \u00e9preuves d'aspirant pour lesquelles il dispose d'une certaine latitude, donne des conseils et assiste la ma\u00eetrise pour les passages de classe et les badges.<\/p><\/div>\t\t\t\t\t\t\t\t<\/div>\n\t\t\t\t\t\t\t<\/div>\n\t\t\t\t\t\t\t\t\t\t\t\t\t<\/div>\n\t\t\t\t\t\t<\/a>\t\t\t\t<\/div>\n\n\t\t\t<\/div>\n\t\t\t\t\t\t<\/section>\n\n\t\t\t\t\t\t<\/div>\n\t\t\t\t<\/div>\n\t\t\t\t\t<\/div>\n\t\t<\/div>\n\t\t\t\t\t<\/div>\n\t\t<\/section>\n\t\t\t\t<\/div>\n\t\t","protected":false},"excerpt":{"rendered":"<p>Unit\u00e9 \u00a0 \u00c0 partir de 12 ans, les louveteaux ou les jeunes gar\u00e7ons qui n\u2019ont pas fait de scoutisme sont pr\u00eats \u00e0 \u00ab monter \u00bb \u00e0 la troupe. Ils deviennent \u00e9claireurs. Sous la houlette des chefs, ils d\u00e9couvrent les techniques du scoutisme pour camper, se prot\u00e9ger des intemp\u00e9ries, se nourrir\u2026 R\u00e9unis en patrouille autour d\u2019un [&hellip;]<\/p>\n","protected":false},"author":1,"featured_media":0,"parent":0,"menu_order":0,"comment_status":"closed","ping_status":"closed","template":"","meta":{"footnotes":""},"class_list":["post-337","page","type-page","status-publish","hentry"],"aioseo_notices":[],"_links":{"self":[{"href":"https:\/\/sufpau.fr\/index.php\/wp-json\/wp\/v2\/pages\/337","targetHints":{"allow":["GET"]}}],"collection":[{"href":"https:\/\/sufpau.fr\/index.php\/wp-json\/wp\/v2\/pages"}],"about":[{"href":"https:\/\/sufpau.fr\/index.php\/wp-json\/wp\/v2\/types\/page"}],"author":[{"embeddable":true,"href":"https:\/\/sufpau.fr\/index.php\/wp-json\/wp\/v2\/users\/1"}],"replies":[{"embeddable":true,"href":"https:\/\/sufpau.fr\/index.php\/wp-json\/wp\/v2\/comments?post=337"}],"version-history":[{"count":37,"href":"https:\/\/sufpau.fr\/index.php\/wp-json\/wp\/v2\/pages\/337\/revisions"}],"predecessor-version":[{"id":440,"href":"https:\/\/sufpau.fr\/index.php\/wp-json\/wp\/v2\/pages\/337\/revisions\/440"}],"wp:attachment":[{"href":"https:\/\/sufpau.fr\/index.php\/wp-json\/wp\/v2\/media?parent=337"}],"curies":[{"name":"wp","href":"https:\/\/api.w.org\/{rel}","templated":true}]}}